{"id":11922,"date":"2024-02-08T08:41:48","date_gmt":"2024-02-08T08:41:48","guid":{"rendered":"http:\/\/192.168.0.134:10115\/?page_id=11922"},"modified":"2025-02-04T08:24:31","modified_gmt":"2025-02-04T08:24:31","slug":"urunlerhizmetler","status":"publish","type":"page","link":"https:\/\/ilkmetal.com.tr\/?page_id=11922","title":{"rendered":"\u00dcr\u00fcnlerinmiz ve Hizmetlerimiz"},"content":{"rendered":"\t\t<div data-elementor-type=\"wp-page\" data-elementor-id=\"11922\" class=\"elementor elementor-11922\">\n\t\t\t\t\r\n\t\t<div class=\"default no-position show_shadow rs-sticky-default elementor-element elementor-element-9a94def e-flex e-con-boxed e-con e-parent\" data-id=\"9a94def\" data-element_type=\"container\">\n\t\t\t\t\t<div class=\"e-con-inner\">\n\t\t\r\n\t\t\t\t<div class=\"elementor-element elementor-element-a31d7da elementor-widget elementor-widget-rsportfolio\" data-id=\"a31d7da\" data-element_type=\"widget\" data-widget_type=\"rsportfolio.default\">\n\t\t\t\t<div class=\"elementor-widget-container\">\n\t\t\t\t\t\t\t<div class=\"rs-portfolio-style4 rsaddon_pro_box\">\n\t\t\t<div class=\"row\">\n\t\t\t\t\t<div class=\"col-lg-6 col-md-4 col-xs-1 grid-item col-sm-\">\r\n\t\t<div class=\"portfolio-item content-overlay rsportfolio-grid-style4\">\r\n\t\t\t\t\t\t\t<a href=\"https:\/\/ilkmetal.com.tr\/?portfolios=abkantbukum\">\r\n\t\t\t\t\t<div class=\"portfolio-img\">\r\n\t\t\t\t\t\t\t\t\t\t\t\t\t<img fetchpriority=\"high\" decoding=\"async\" width=\"666\" height=\"450\" src=\"https:\/\/ilkmetal.com.tr\/wp-content\/uploads\/2024\/02\/Abkant-Bukum-Yeni-666x450.jpg\" class=\"attachment-industrie_portfolio-slider size-industrie_portfolio-slider wp-post-image\" alt=\"\" \/>\t\t\t\t\t\t\t\t\t\t\t<\/div>\r\n\t\t\t\t<\/a>\r\n\t\t\t\r\n\t\t\t<div class=\"portfolio-details\">\r\n\t\t\t\t\t\t\t\t\t<div class=\"count_number\">\r\n\t\t\t\t\t\t01\t\t\t\t\t<\/div>\r\n\t\t\t\t\t\t\t\t<div class=\"portfolio-title-cat\">\r\n\t\t\t\t\t\t\t\t\t\t\t\r\n\t\t\t\t\t\t<h4 class=\"p-title\">\r\n\t\t\t\t\t\t\t<a href=\"https:\/\/ilkmetal.com.tr\/?portfolios=abkantbukum\">\r\n\t\t\t\t\t\t\t\tCNC Abkant B\u00fck\u00fcm\t\t\t\t\t\t\t<\/a>\r\n\t\t\t\t\t\t<\/h4>\r\n\t\t\t\t\t\t\r\n\t\t\t\t\t\t\t\t\t\t<p class=\"p-category\"><\/p>\r\n\t\t\t\t<\/div>\r\n\t\t\t\t\t\t\t\t\t<div class=\"p-icon\">\r\n\t\t\t\t\t\t<a href=\"https:\/\/ilkmetal.com.tr\/?portfolios=abkantbukum\" class=\"prs_btn\">\r\n\t\t\t\t\t\t\tDaha Fazla\t\t\t\t\t\t\t<em>\r\n\t\t\t\t\t\t\t\t\t\t\t\t\t\t\t\t\t<svg xmlns=\"http:\/\/www.w3.org\/2000\/svg\" width=\"12\" height=\"10\" viewBox=\"0 0 12 10\" fill=\"none\"><path fill-rule=\"evenodd\" clip-rule=\"evenodd\" d=\"M0 5C0 4.60551 0.319797 4.28571 0.714286 4.28571L8.98985 4.28571L5.92349 1.21936C5.64455 0.940417 5.64455 0.488155 5.92349 0.209209C6.20244 -0.0697365 6.6547 -0.0697365 6.93365 0.209209L11.2194 4.49492C11.4983 4.77387 11.4983 5.22613 11.2194 5.50508L6.93365 9.79079C6.6547 10.0697 6.20244 10.0697 5.92349 9.79079C5.64455 9.51184 5.64455 9.05958 5.92349 8.78064L8.98985 5.71429L0.714286 5.71429C0.319797 5.71429 0 5.39449 0 5Z\" fill=\"#1F1F1F\"><\/path><\/svg>\t\t\t\t\t\t\t\t\t\t\t\t\t\t\t\t\t\t\t\t\t\t\t\t\t<svg xmlns=\"http:\/\/www.w3.org\/2000\/svg\" width=\"12\" height=\"10\" viewBox=\"0 0 12 10\" fill=\"none\"><path fill-rule=\"evenodd\" clip-rule=\"evenodd\" d=\"M0 5C0 4.60551 0.319797 4.28571 0.714286 4.28571L8.98985 4.28571L5.92349 1.21936C5.64455 0.940417 5.64455 0.488155 5.92349 0.209209C6.20244 -0.0697365 6.6547 -0.0697365 6.93365 0.209209L11.2194 4.49492C11.4983 4.77387 11.4983 5.22613 11.2194 5.50508L6.93365 9.79079C6.6547 10.0697 6.20244 10.0697 5.92349 9.79079C5.64455 9.51184 5.64455 9.05958 5.92349 8.78064L8.98985 5.71429L0.714286 5.71429C0.319797 5.71429 0 5.39449 0 5Z\" fill=\"#1F1F1F\"><\/path><\/svg>\t\t\t\t\t\t\t\t\t\t\t\t\t\t\t<\/em>\r\n\t\t\t\t\t\t<\/a>\r\n\t\t\t\t\t<\/div>\r\n\t\t\t\t\t\t\t<\/div>\r\n\t\t<\/div>\r\n\t<\/div>\r\n\t<div class=\"col-lg-6 col-md-4 col-xs-1 grid-item col-sm-\">\r\n\t\t<div class=\"portfolio-item content-overlay rsportfolio-grid-style4\">\r\n\t\t\t\t\t\t\t<a href=\"https:\/\/ilkmetal.com.tr\/?portfolios=hidrolikgiyotin\">\r\n\t\t\t\t\t<div class=\"portfolio-img\">\r\n\t\t\t\t\t\t\t\t\t\t\t\t\t<img decoding=\"async\" width=\"666\" height=\"450\" src=\"https:\/\/ilkmetal.com.tr\/wp-content\/uploads\/2024\/01\/IMG_20250118_112001-666x450.jpg\" class=\"attachment-industrie_portfolio-slider size-industrie_portfolio-slider wp-post-image\" alt=\"\" \/>\t\t\t\t\t\t\t\t\t\t\t<\/div>\r\n\t\t\t\t<\/a>\r\n\t\t\t\r\n\t\t\t<div class=\"portfolio-details\">\r\n\t\t\t\t\t\t\t\t\t<div class=\"count_number\">\r\n\t\t\t\t\t\t02\t\t\t\t\t<\/div>\r\n\t\t\t\t\t\t\t\t<div class=\"portfolio-title-cat\">\r\n\t\t\t\t\t\t\t\t\t\t\t\r\n\t\t\t\t\t\t<h4 class=\"p-title\">\r\n\t\t\t\t\t\t\t<a href=\"https:\/\/ilkmetal.com.tr\/?portfolios=hidrolikgiyotin\">\r\n\t\t\t\t\t\t\t\tHidrolik Giyotin\t\t\t\t\t\t\t<\/a>\r\n\t\t\t\t\t\t<\/h4>\r\n\t\t\t\t\t\t\r\n\t\t\t\t\t\t\t\t\t\t<p class=\"p-category\"><\/p>\r\n\t\t\t\t<\/div>\r\n\t\t\t\t\t\t\t\t\t<div class=\"p-icon\">\r\n\t\t\t\t\t\t<a href=\"https:\/\/ilkmetal.com.tr\/?portfolios=hidrolikgiyotin\" class=\"prs_btn\">\r\n\t\t\t\t\t\t\tDaha Fazla\t\t\t\t\t\t\t<em>\r\n\t\t\t\t\t\t\t\t\t\t\t\t\t\t\t\t\t<svg xmlns=\"http:\/\/www.w3.org\/2000\/svg\" width=\"12\" height=\"10\" viewBox=\"0 0 12 10\" fill=\"none\"><path fill-rule=\"evenodd\" clip-rule=\"evenodd\" d=\"M0 5C0 4.60551 0.319797 4.28571 0.714286 4.28571L8.98985 4.28571L5.92349 1.21936C5.64455 0.940417 5.64455 0.488155 5.92349 0.209209C6.20244 -0.0697365 6.6547 -0.0697365 6.93365 0.209209L11.2194 4.49492C11.4983 4.77387 11.4983 5.22613 11.2194 5.50508L6.93365 9.79079C6.6547 10.0697 6.20244 10.0697 5.92349 9.79079C5.64455 9.51184 5.64455 9.05958 5.92349 8.78064L8.98985 5.71429L0.714286 5.71429C0.319797 5.71429 0 5.39449 0 5Z\" fill=\"#1F1F1F\"><\/path><\/svg>\t\t\t\t\t\t\t\t\t\t\t\t\t\t\t\t\t\t\t\t\t\t\t\t\t<svg xmlns=\"http:\/\/www.w3.org\/2000\/svg\" width=\"12\" height=\"10\" viewBox=\"0 0 12 10\" fill=\"none\"><path fill-rule=\"evenodd\" clip-rule=\"evenodd\" d=\"M0 5C0 4.60551 0.319797 4.28571 0.714286 4.28571L8.98985 4.28571L5.92349 1.21936C5.64455 0.940417 5.64455 0.488155 5.92349 0.209209C6.20244 -0.0697365 6.6547 -0.0697365 6.93365 0.209209L11.2194 4.49492C11.4983 4.77387 11.4983 5.22613 11.2194 5.50508L6.93365 9.79079C6.6547 10.0697 6.20244 10.0697 5.92349 9.79079C5.64455 9.51184 5.64455 9.05958 5.92349 8.78064L8.98985 5.71429L0.714286 5.71429C0.319797 5.71429 0 5.39449 0 5Z\" fill=\"#1F1F1F\"><\/path><\/svg>\t\t\t\t\t\t\t\t\t\t\t\t\t\t\t<\/em>\r\n\t\t\t\t\t\t<\/a>\r\n\t\t\t\t\t<\/div>\r\n\t\t\t\t\t\t\t<\/div>\r\n\t\t<\/div>\r\n\t<\/div>\r\n\t<div class=\"col-lg-6 col-md-4 col-xs-1 grid-item col-sm-\">\r\n\t\t<div class=\"portfolio-item content-overlay rsportfolio-grid-style4\">\r\n\t\t\t\t\t\t\t<a href=\"https:\/\/ilkmetal.com.tr\/?portfolios=cnclazerkesim\">\r\n\t\t\t\t\t<div class=\"portfolio-img\">\r\n\t\t\t\t\t\t\t\t\t\t\t\t\t<img decoding=\"async\" width=\"666\" height=\"450\" src=\"https:\/\/ilkmetal.com.tr\/wp-content\/uploads\/2025\/01\/CNC-Stock-666x450.jpg\" class=\"attachment-industrie_portfolio-slider size-industrie_portfolio-slider wp-post-image\" alt=\"\" \/>\t\t\t\t\t\t\t\t\t\t\t<\/div>\r\n\t\t\t\t<\/a>\r\n\t\t\t\r\n\t\t\t<div class=\"portfolio-details\">\r\n\t\t\t\t\t\t\t\t\t<div class=\"count_number\">\r\n\t\t\t\t\t\t03\t\t\t\t\t<\/div>\r\n\t\t\t\t\t\t\t\t<div class=\"portfolio-title-cat\">\r\n\t\t\t\t\t\t\t\t\t\t\t\r\n\t\t\t\t\t\t<h4 class=\"p-title\">\r\n\t\t\t\t\t\t\t<a href=\"https:\/\/ilkmetal.com.tr\/?portfolios=cnclazerkesim\">\r\n\t\t\t\t\t\t\t\tCNC Lazer Kesim\t\t\t\t\t\t\t<\/a>\r\n\t\t\t\t\t\t<\/h4>\r\n\t\t\t\t\t\t\r\n\t\t\t\t\t\t\t\t\t\t<p class=\"p-category\"><\/p>\r\n\t\t\t\t<\/div>\r\n\t\t\t\t\t\t\t\t\t<div class=\"p-icon\">\r\n\t\t\t\t\t\t<a href=\"https:\/\/ilkmetal.com.tr\/?portfolios=cnclazerkesim\" class=\"prs_btn\">\r\n\t\t\t\t\t\t\tDaha Fazla\t\t\t\t\t\t\t<em>\r\n\t\t\t\t\t\t\t\t\t\t\t\t\t\t\t\t\t<svg xmlns=\"http:\/\/www.w3.org\/2000\/svg\" width=\"12\" height=\"10\" viewBox=\"0 0 12 10\" fill=\"none\"><path fill-rule=\"evenodd\" clip-rule=\"evenodd\" d=\"M0 5C0 4.60551 0.319797 4.28571 0.714286 4.28571L8.98985 4.28571L5.92349 1.21936C5.64455 0.940417 5.64455 0.488155 5.92349 0.209209C6.20244 -0.0697365 6.6547 -0.0697365 6.93365 0.209209L11.2194 4.49492C11.4983 4.77387 11.4983 5.22613 11.2194 5.50508L6.93365 9.79079C6.6547 10.0697 6.20244 10.0697 5.92349 9.79079C5.64455 9.51184 5.64455 9.05958 5.92349 8.78064L8.98985 5.71429L0.714286 5.71429C0.319797 5.71429 0 5.39449 0 5Z\" fill=\"#1F1F1F\"><\/path><\/svg>\t\t\t\t\t\t\t\t\t\t\t\t\t\t\t\t\t\t\t\t\t\t\t\t\t<svg xmlns=\"http:\/\/www.w3.org\/2000\/svg\" width=\"12\" height=\"10\" viewBox=\"0 0 12 10\" fill=\"none\"><path fill-rule=\"evenodd\" clip-rule=\"evenodd\" d=\"M0 5C0 4.60551 0.319797 4.28571 0.714286 4.28571L8.98985 4.28571L5.92349 1.21936C5.64455 0.940417 5.64455 0.488155 5.92349 0.209209C6.20244 -0.0697365 6.6547 -0.0697365 6.93365 0.209209L11.2194 4.49492C11.4983 4.77387 11.4983 5.22613 11.2194 5.50508L6.93365 9.79079C6.6547 10.0697 6.20244 10.0697 5.92349 9.79079C5.64455 9.51184 5.64455 9.05958 5.92349 8.78064L8.98985 5.71429L0.714286 5.71429C0.319797 5.71429 0 5.39449 0 5Z\" fill=\"#1F1F1F\"><\/path><\/svg>\t\t\t\t\t\t\t\t\t\t\t\t\t\t\t<\/em>\r\n\t\t\t\t\t\t<\/a>\r\n\t\t\t\t\t<\/div>\r\n\t\t\t\t\t\t\t<\/div>\r\n\t\t<\/div>\r\n\t<\/div>\r\n\t\t\t<\/div>\n\t\t<\/div>\n\t\t\t\t\t<\/div>\n\t\t\t\t<\/div>\n\t\t\t\t\t<\/div>\n\t\t\t\t<\/div>\n\t\t\t\t<\/div>\n\t\t","protected":false},"excerpt":{"rendered":"<p>01 CNC Lazer Kesim Daha Fazla 02 CNC Abkant B\u00fck\u00fcm Daha Fazla 03 Hidrolik Giyotin Daha Fazla<\/p>\n","protected":false},"author":1,"featured_media":0,"parent":0,"menu_order":0,"comment_status":"closed","ping_status":"closed","template":"elementor_header_footer","meta":{"_monsterinsights_skip_tracking":false,"_monsterinsights_sitenote_active":false,"_monsterinsights_sitenote_note":"","_monsterinsights_sitenote_category":0,"footnotes":""},"class_list":["post-11922","page","type-page","status-publish","hentry"],"yoast_head":"<!-- This site is optimized with the Yoast SEO plugin v24.5 - https:\/\/yoast.com\/wordpress\/plugins\/seo\/ -->\n<title>\u00dcr\u00fcnlerinmiz ve Hizmetlerimiz - \u0130lk Metal<\/title>\n<meta name=\"robots\" content=\"index, follow, max-snippet:-1, max-image-preview:large, max-video-preview:-1\" \/>\n<link rel=\"canonical\" href=\"https:\/\/ilkmetal.com.tr\/?page_id=11922\" \/>\n<meta property=\"og:locale\" content=\"tr_TR\" \/>\n<meta property=\"og:type\" content=\"article\" \/>\n<meta property=\"og:title\" content=\"\u00dcr\u00fcnlerinmiz ve Hizmetlerimiz - \u0130lk Metal\" \/>\n<meta property=\"og:description\" content=\"01 CNC Lazer Kesim Daha Fazla 02 CNC Abkant B\u00fck\u00fcm Daha Fazla 03 Hidrolik Giyotin Daha Fazla\" \/>\n<meta property=\"og:url\" content=\"https:\/\/ilkmetal.com.tr\/?page_id=11922\" \/>\n<meta property=\"og:site_name\" content=\"\u0130lk Metal\" \/>\n<meta property=\"article:publisher\" content=\"https:\/\/www.facebook.com\/profile.php?id=61571779290109\" \/>\n<meta property=\"article:modified_time\" content=\"2025-02-04T08:24:31+00:00\" \/>\n<meta property=\"og:image\" content=\"https:\/\/ilkmetal.com.tr\/wp-content\/uploads\/2024\/03\/portfolio-img-robo1-666x450.png\" \/>\n<meta name=\"twitter:card\" content=\"summary_large_image\" \/>\n<script type=\"application\/ld+json\" class=\"yoast-schema-graph\">{\"@context\":\"https:\/\/schema.org\",\"@graph\":[{\"@type\":\"WebPage\",\"@id\":\"https:\/\/ilkmetal.com.tr\/?page_id=11922\",\"url\":\"https:\/\/ilkmetal.com.tr\/?page_id=11922\",\"name\":\"\u00dcr\u00fcnlerinmiz ve Hizmetlerimiz - \u0130lk Metal\",\"isPartOf\":{\"@id\":\"https:\/\/ilkmetal.com.tr\/#website\"},\"primaryImageOfPage\":{\"@id\":\"https:\/\/ilkmetal.com.tr\/?page_id=11922#primaryimage\"},\"image\":{\"@id\":\"https:\/\/ilkmetal.com.tr\/?page_id=11922#primaryimage\"},\"thumbnailUrl\":\"https:\/\/ilkmetal.com.tr\/wp-content\/uploads\/2024\/03\/portfolio-img-robo1-666x450.png\",\"datePublished\":\"2024-02-08T08:41:48+00:00\",\"dateModified\":\"2025-02-04T08:24:31+00:00\",\"breadcrumb\":{\"@id\":\"https:\/\/ilkmetal.com.tr\/?page_id=11922#breadcrumb\"},\"inLanguage\":\"tr\",\"potentialAction\":[{\"@type\":\"ReadAction\",\"target\":[\"https:\/\/ilkmetal.com.tr\/?page_id=11922\"]}]},{\"@type\":\"ImageObject\",\"inLanguage\":\"tr\",\"@id\":\"https:\/\/ilkmetal.com.tr\/?page_id=11922#primaryimage\",\"url\":\"https:\/\/ilkmetal.com.tr\/wp-content\/uploads\/2024\/03\/portfolio-img-robo1.png\",\"contentUrl\":\"https:\/\/ilkmetal.com.tr\/wp-content\/uploads\/2024\/03\/portfolio-img-robo1.png\",\"width\":767,\"height\":691},{\"@type\":\"BreadcrumbList\",\"@id\":\"https:\/\/ilkmetal.com.tr\/?page_id=11922#breadcrumb\",\"itemListElement\":[{\"@type\":\"ListItem\",\"position\":1,\"name\":\"Anasayfa\",\"item\":\"https:\/\/ilkmetal.com.tr\/\"},{\"@type\":\"ListItem\",\"position\":2,\"name\":\"\u00dcr\u00fcnlerinmiz ve Hizmetlerimiz\"}]},{\"@type\":\"WebSite\",\"@id\":\"https:\/\/ilkmetal.com.tr\/#website\",\"url\":\"https:\/\/ilkmetal.com.tr\/\",\"name\":\"\u0130lk Metal\",\"description\":\"K\u00f6rfezden Do\u011fan G\u00fc\u00e7\",\"publisher\":{\"@id\":\"https:\/\/ilkmetal.com.tr\/#organization\"},\"potentialAction\":[{\"@type\":\"SearchAction\",\"target\":{\"@type\":\"EntryPoint\",\"urlTemplate\":\"https:\/\/ilkmetal.com.tr\/?s={search_term_string}\"},\"query-input\":{\"@type\":\"PropertyValueSpecification\",\"valueRequired\":true,\"valueName\":\"search_term_string\"}}],\"inLanguage\":\"tr\"},{\"@type\":\"Organization\",\"@id\":\"https:\/\/ilkmetal.com.tr\/#organization\",\"name\":\"\u0130lk Metal\",\"url\":\"https:\/\/ilkmetal.com.tr\/\",\"logo\":{\"@type\":\"ImageObject\",\"inLanguage\":\"tr\",\"@id\":\"https:\/\/ilkmetal.com.tr\/#\/schema\/logo\/image\/\",\"url\":\"https:\/\/ilkmetal.com.tr\/wp-content\/uploads\/2025\/02\/Ilk-Metal-Icon-Photoroom.png\",\"contentUrl\":\"https:\/\/ilkmetal.com.tr\/wp-content\/uploads\/2025\/02\/Ilk-Metal-Icon-Photoroom.png\",\"width\":162,\"height\":132,\"caption\":\"\u0130lk Metal\"},\"image\":{\"@id\":\"https:\/\/ilkmetal.com.tr\/#\/schema\/logo\/image\/\"},\"sameAs\":[\"https:\/\/www.facebook.com\/profile.php?id=61571779290109\",\"https:\/\/www.youtube.com\/@lkMetal\",\"https:\/\/www.instagram.com\/ilk.metal\/\"]}]}<\/script>\n<!-- \/ Yoast SEO plugin. -->","yoast_head_json":{"title":"\u00dcr\u00fcnlerinmiz ve Hizmetlerimiz - \u0130lk Metal","robots":{"index":"index","follow":"follow","max-snippet":"max-snippet:-1","max-image-preview":"max-image-preview:large","max-video-preview":"max-video-preview:-1"},"canonical":"https:\/\/ilkmetal.com.tr\/?page_id=11922","og_locale":"tr_TR","og_type":"article","og_title":"\u00dcr\u00fcnlerinmiz ve Hizmetlerimiz - \u0130lk Metal","og_description":"01 CNC Lazer Kesim Daha Fazla 02 CNC Abkant B\u00fck\u00fcm Daha Fazla 03 Hidrolik Giyotin Daha Fazla","og_url":"https:\/\/ilkmetal.com.tr\/?page_id=11922","og_site_name":"\u0130lk Metal","article_publisher":"https:\/\/www.facebook.com\/profile.php?id=61571779290109","article_modified_time":"2025-02-04T08:24:31+00:00","og_image":[{"url":"https:\/\/ilkmetal.com.tr\/wp-content\/uploads\/2024\/03\/portfolio-img-robo1-666x450.png","type":"","width":"","height":""}],"twitter_card":"summary_large_image","schema":{"@context":"https:\/\/schema.org","@graph":[{"@type":"WebPage","@id":"https:\/\/ilkmetal.com.tr\/?page_id=11922","url":"https:\/\/ilkmetal.com.tr\/?page_id=11922","name":"\u00dcr\u00fcnlerinmiz ve Hizmetlerimiz - \u0130lk Metal","isPartOf":{"@id":"https:\/\/ilkmetal.com.tr\/#website"},"primaryImageOfPage":{"@id":"https:\/\/ilkmetal.com.tr\/?page_id=11922#primaryimage"},"image":{"@id":"https:\/\/ilkmetal.com.tr\/?page_id=11922#primaryimage"},"thumbnailUrl":"https:\/\/ilkmetal.com.tr\/wp-content\/uploads\/2024\/03\/portfolio-img-robo1-666x450.png","datePublished":"2024-02-08T08:41:48+00:00","dateModified":"2025-02-04T08:24:31+00:00","breadcrumb":{"@id":"https:\/\/ilkmetal.com.tr\/?page_id=11922#breadcrumb"},"inLanguage":"tr","potentialAction":[{"@type":"ReadAction","target":["https:\/\/ilkmetal.com.tr\/?page_id=11922"]}]},{"@type":"ImageObject","inLanguage":"tr","@id":"https:\/\/ilkmetal.com.tr\/?page_id=11922#primaryimage","url":"https:\/\/ilkmetal.com.tr\/wp-content\/uploads\/2024\/03\/portfolio-img-robo1.png","contentUrl":"https:\/\/ilkmetal.com.tr\/wp-content\/uploads\/2024\/03\/portfolio-img-robo1.png","width":767,"height":691},{"@type":"BreadcrumbList","@id":"https:\/\/ilkmetal.com.tr\/?page_id=11922#breadcrumb","itemListElement":[{"@type":"ListItem","position":1,"name":"Anasayfa","item":"https:\/\/ilkmetal.com.tr\/"},{"@type":"ListItem","position":2,"name":"\u00dcr\u00fcnlerinmiz ve Hizmetlerimiz"}]},{"@type":"WebSite","@id":"https:\/\/ilkmetal.com.tr\/#website","url":"https:\/\/ilkmetal.com.tr\/","name":"\u0130lk Metal","description":"K\u00f6rfezden Do\u011fan G\u00fc\u00e7","publisher":{"@id":"https:\/\/ilkmetal.com.tr\/#organization"},"potentialAction":[{"@type":"SearchAction","target":{"@type":"EntryPoint","urlTemplate":"https:\/\/ilkmetal.com.tr\/?s={search_term_string}"},"query-input":{"@type":"PropertyValueSpecification","valueRequired":true,"valueName":"search_term_string"}}],"inLanguage":"tr"},{"@type":"Organization","@id":"https:\/\/ilkmetal.com.tr\/#organization","name":"\u0130lk Metal","url":"https:\/\/ilkmetal.com.tr\/","logo":{"@type":"ImageObject","inLanguage":"tr","@id":"https:\/\/ilkmetal.com.tr\/#\/schema\/logo\/image\/","url":"https:\/\/ilkmetal.com.tr\/wp-content\/uploads\/2025\/02\/Ilk-Metal-Icon-Photoroom.png","contentUrl":"https:\/\/ilkmetal.com.tr\/wp-content\/uploads\/2025\/02\/Ilk-Metal-Icon-Photoroom.png","width":162,"height":132,"caption":"\u0130lk Metal"},"image":{"@id":"https:\/\/ilkmetal.com.tr\/#\/schema\/logo\/image\/"},"sameAs":["https:\/\/www.facebook.com\/profile.php?id=61571779290109","https:\/\/www.youtube.com\/@lkMetal","https:\/\/www.instagram.com\/ilk.metal\/"]}]}},"_links":{"self":[{"href":"https:\/\/ilkmetal.com.tr\/index.php?rest_route=\/wp\/v2\/pages\/11922","targetHints":{"allow":["GET"]}}],"collection":[{"href":"https:\/\/ilkmetal.com.tr\/index.php?rest_route=\/wp\/v2\/pages"}],"about":[{"href":"https:\/\/ilkmetal.com.tr\/index.php?rest_route=\/wp\/v2\/types\/page"}],"author":[{"embeddable":true,"href":"https:\/\/ilkmetal.com.tr\/index.php?rest_route=\/wp\/v2\/users\/1"}],"replies":[{"embeddable":true,"href":"https:\/\/ilkmetal.com.tr\/index.php?rest_route=%2Fwp%2Fv2%2Fcomments&post=11922"}],"version-history":[{"count":10,"href":"https:\/\/ilkmetal.com.tr\/index.php?rest_route=\/wp\/v2\/pages\/11922\/revisions"}],"predecessor-version":[{"id":29324,"href":"https:\/\/ilkmetal.com.tr\/index.php?rest_route=\/wp\/v2\/pages\/11922\/revisions\/29324"}],"wp:attachment":[{"href":"https:\/\/ilkmetal.com.tr\/index.php?rest_route=%2Fwp%2Fv2%2Fmedia&parent=11922"}],"curies":[{"name":"wp","href":"https:\/\/api.w.org\/{rel}","templated":true}]}}