{"id":27283,"date":"2024-03-08T11:29:26","date_gmt":"2024-03-08T11:29:26","guid":{"rendered":"https:\/\/demo.rstheme.com\/wordpress\/industrie\/pkg\/?page_id=27283"},"modified":"2025-02-04T13:30:23","modified_gmt":"2025-02-04T13:30:23","slug":"teklif","status":"publish","type":"page","link":"https:\/\/ilkmetal.com.tr\/?page_id=27283","title":{"rendered":"Teklif Al\u0131n"},"content":{"rendered":"\t\t<div data-elementor-type=\"wp-page\" data-elementor-id=\"27283\" class=\"elementor elementor-27283\">\n\t\t\t\t\r\n\t\t<div class=\"default no-position show_shadow rs-sticky-default elementor-element elementor-element-c5e6915 e-con-full e-flex e-con e-parent\" data-id=\"c5e6915\" data-element_type=\"container\" data-settings=\"{&quot;background_background&quot;:&quot;classic&quot;}\">\n\t\t\r\n\t\t<div class=\"default no-position show_shadow rs-sticky-default elementor-element elementor-element-7b24cbc e-flex e-con-boxed e-con e-child\" data-id=\"7b24cbc\" data-element_type=\"container\">\n\t\t\t\t\t<div class=\"e-con-inner\">\n\t\t\r\n\t\t<div class=\"default no-position show_shadow rs-sticky-default elementor-element elementor-element-fb6e03f e-con-full e-flex e-con e-child\" data-id=\"fb6e03f\" data-element_type=\"container\">\n\t\t\r\n\t\t\t\t<div class=\"elementor-element elementor-element-d19a37f elementor-widget elementor-widget-image\" data-id=\"d19a37f\" data-element_type=\"widget\" data-widget_type=\"image.default\">\n\t\t\t\t<div class=\"elementor-widget-container\">\n\t\t\t\t\t\t\t\t\t\t\t\t\t\t\t<img fetchpriority=\"high\" decoding=\"async\" width=\"1000\" height=\"667\" src=\"https:\/\/ilkmetal.com.tr\/wp-content\/uploads\/2025\/01\/CNC-Stock.jpg\" class=\"attachment-full size-full wp-image-29185\" alt=\"\" srcset=\"https:\/\/ilkmetal.com.tr\/wp-content\/uploads\/2025\/01\/CNC-Stock.jpg 1000w, https:\/\/ilkmetal.com.tr\/wp-content\/uploads\/2025\/01\/CNC-Stock-300x200.jpg 300w, https:\/\/ilkmetal.com.tr\/wp-content\/uploads\/2025\/01\/CNC-Stock-768x512.jpg 768w\" sizes=\"(max-width: 1000px) 100vw, 1000px\" \/>\t\t\t\t\t\t\t\t\t\t\t\t\t\t\t<\/div>\n\t\t\t\t<\/div>\n\t\t\t\t<\/div>\n\t\t\r\n\t\t<div class=\"default no-position show_shadow rs-sticky-default elementor-element elementor-element-3e8e177 e-flex e-con-boxed e-con e-child\" data-id=\"3e8e177\" data-element_type=\"container\" data-settings=\"{&quot;background_background&quot;:&quot;classic&quot;}\">\n\t\t\t\t\t<div class=\"e-con-inner\">\n\t\t\r\n\t\t\t\t<div class=\"elementor-element elementor-element-90be11b elementor-widget elementor-widget-rs-heading\" data-id=\"90be11b\" data-element_type=\"widget\" data-widget_type=\"rs-heading.default\">\n\t\t\t\t<div class=\"elementor-widget-container\">\n\t\t\t\t\t\n\t\t<div class=\"prelements-heading default  \">\n\t\t\t<div class=\"title-inner\">\n\t\t\t\t<h3 class=\"title rs-split-text-disable \">Teklif \u0130steyin<\/h3>\n\t\t\t<\/div>\n\t\t\t\t\t\t\t<div class=\"description\">\n\t\t\t\t\t<p>Bizimle Hemen \u0130leti\u015fime Ge\u00e7ebilir ve Projleriniz \u0130\u00e7in Teklif Alabilirsiniz.\u00a0<\/p>\t\t\t\t<\/div>\n\t\t\t\t\t<\/div>\n\t\t\t\t<\/div>\n\t\t\t\t<\/div>\n\t\t\r\n\t\t\t\t<div class=\"elementor-element elementor-element-99c518f elementor-widget elementor-widget-rs-cf7\" data-id=\"99c518f\" data-element_type=\"widget\" data-widget_type=\"rs-cf7.default\">\n\t\t\t\t<div class=\"elementor-widget-container\">\n\t\t\t\t\t<div class=\"contact-home4 \">\n<div class=\"wpcf7 no-js\" id=\"wpcf7-f6-o1\" lang=\"tr-TR\" dir=\"ltr\" data-wpcf7-id=\"6\">\n<div class=\"screen-reader-response\"><p role=\"status\" aria-live=\"polite\" aria-atomic=\"true\"><\/p> <ul><\/ul><\/div>\n<form action=\"\/index.php?rest_route=%2Fwp%2Fv2%2Fpages%2F27283#wpcf7-f6-o1\" method=\"post\" class=\"wpcf7-form init\" aria-label=\"\u0130leti\u015fim Formu\" novalidate=\"novalidate\" data-status=\"init\">\n<div style=\"display: none;\">\n<input type=\"hidden\" name=\"_wpcf7\" value=\"6\" \/>\n<input type=\"hidden\" name=\"_wpcf7_version\" value=\"6.0.4\" \/>\n<input type=\"hidden\" name=\"_wpcf7_locale\" value=\"tr_TR\" \/>\n<input type=\"hidden\" name=\"_wpcf7_unit_tag\" value=\"wpcf7-f6-o1\" \/>\n<input type=\"hidden\" name=\"_wpcf7_container_post\" value=\"0\" \/>\n<input type=\"hidden\" name=\"_wpcf7_posted_data_hash\" value=\"\" \/>\n<input type=\"hidden\" name=\"_wpcf7_recaptcha_response\" value=\"\" \/>\n<\/div>\n<p><label> \u0130sim<br \/>\n<span class=\"wpcf7-form-control-wrap\" data-name=\"your-name\"><input size=\"40\" maxlength=\"400\" class=\"wpcf7-form-control wpcf7-text wpcf7-validates-as-required\" autocomplete=\"name\" aria-required=\"true\" aria-invalid=\"false\" value=\"\" type=\"text\" name=\"your-name\" \/><\/span> <\/label>\n<\/p>\n<p><label> E-Posta<br \/>\n<span class=\"wpcf7-form-control-wrap\" data-name=\"your-email\"><input size=\"40\" maxlength=\"400\" class=\"wpcf7-form-control wpcf7-email wpcf7-validates-as-required wpcf7-text wpcf7-validates-as-email\" autocomplete=\"email\" aria-required=\"true\" aria-invalid=\"false\" value=\"\" type=\"email\" name=\"your-email\" \/><\/span> <\/label>\n<\/p>\n<p><label> Ba\u015fl\u0131k<br \/>\n<span class=\"wpcf7-form-control-wrap\" data-name=\"your-subject\"><input size=\"40\" maxlength=\"400\" class=\"wpcf7-form-control wpcf7-text wpcf7-validates-as-required\" aria-required=\"true\" aria-invalid=\"false\" value=\"\" type=\"text\" name=\"your-subject\" \/><\/span> <\/label>\n<\/p>\n<p><label> Mesaj\u0131n\u0131z<br \/>\n<span class=\"wpcf7-form-control-wrap\" data-name=\"your-message\"><textarea cols=\"40\" rows=\"10\" maxlength=\"2000\" class=\"wpcf7-form-control wpcf7-textarea\" aria-invalid=\"false\" name=\"your-message\"><\/textarea><\/span> <\/label>\n<\/p>\n<p><input class=\"wpcf7-form-control wpcf7-submit has-spinner\" type=\"submit\" value=\"G\u00f6nder\" \/>\n<\/p><div class=\"wpcf7-response-output\" aria-hidden=\"true\"><\/div>\n<\/form>\n<\/div>\n<\/div>\t\t\t\t<\/div>\n\t\t\t\t<\/div>\n\t\t\t\t\t<\/div>\n\t\t\t\t<\/div>\n\t\t\t\t\t<\/div>\n\t\t\t\t<\/div>\n\t\t\t\t<\/div>\n\t\t\r\n\t\t<div class=\"default no-position show_shadow rs-sticky-default elementor-element elementor-element-15b2c39 e-con-full e-flex e-con e-parent\" data-id=\"15b2c39\" data-element_type=\"container\">\n\t\t\t\t<\/div>\n\t\t\t\t<\/div>\n\t\t","protected":false},"excerpt":{"rendered":"<p>Teklif \u0130steyin Bizimle Hemen \u0130leti\u015fime Ge\u00e7ebilir ve Projleriniz \u0130\u00e7in Teklif Alabilirsiniz.\u00a0 \u0130sim E-Posta Ba\u015fl\u0131k Mesaj\u0131n\u0131z<\/p>\n","protected":false},"author":1,"featured_media":0,"parent":0,"menu_order":0,"comment_status":"closed","ping_status":"closed","template":"elementor_header_footer","meta":{"_monsterinsights_skip_tracking":false,"_monsterinsights_sitenote_active":false,"_monsterinsights_sitenote_note":"","_monsterinsights_sitenote_category":0,"footnotes":""},"class_list":["post-27283","page","type-page","status-publish","hentry"],"yoast_head":"<!-- This site is optimized with the Yoast SEO plugin v24.5 - https:\/\/yoast.com\/wordpress\/plugins\/seo\/ -->\n<title>Teklif Al\u0131n - \u0130lk Metal<\/title>\n<meta name=\"robots\" content=\"index, follow, max-snippet:-1, max-image-preview:large, max-video-preview:-1\" \/>\n<link rel=\"canonical\" href=\"https:\/\/ilkmetal.com.tr\/?page_id=27283\" \/>\n<meta property=\"og:locale\" content=\"tr_TR\" \/>\n<meta property=\"og:type\" content=\"article\" \/>\n<meta property=\"og:title\" content=\"Teklif Al\u0131n - \u0130lk Metal\" \/>\n<meta property=\"og:description\" content=\"Teklif \u0130steyin Bizimle Hemen \u0130leti\u015fime Ge\u00e7ebilir ve Projleriniz \u0130\u00e7in Teklif Alabilirsiniz.\u00a0 \u0130sim E-Posta Ba\u015fl\u0131k Mesaj\u0131n\u0131z\" \/>\n<meta property=\"og:url\" content=\"https:\/\/ilkmetal.com.tr\/?page_id=27283\" \/>\n<meta property=\"og:site_name\" content=\"\u0130lk Metal\" \/>\n<meta property=\"article:publisher\" content=\"https:\/\/www.facebook.com\/profile.php?id=61571779290109\" \/>\n<meta property=\"article:modified_time\" content=\"2025-02-04T13:30:23+00:00\" \/>\n<meta property=\"og:image\" content=\"https:\/\/ilkmetal.com.tr\/wp-content\/uploads\/2025\/01\/CNC-Stock.jpg\" \/>\n\t<meta property=\"og:image:width\" content=\"1000\" \/>\n\t<meta property=\"og:image:height\" content=\"667\" \/>\n\t<meta property=\"og:image:type\" content=\"image\/jpeg\" \/>\n<meta name=\"twitter:card\" content=\"summary_large_image\" \/>\n<script type=\"application\/ld+json\" class=\"yoast-schema-graph\">{\"@context\":\"https:\/\/schema.org\",\"@graph\":[{\"@type\":\"WebPage\",\"@id\":\"https:\/\/ilkmetal.com.tr\/?page_id=27283\",\"url\":\"https:\/\/ilkmetal.com.tr\/?page_id=27283\",\"name\":\"Teklif Al\u0131n - \u0130lk Metal\",\"isPartOf\":{\"@id\":\"https:\/\/ilkmetal.com.tr\/#website\"},\"primaryImageOfPage\":{\"@id\":\"https:\/\/ilkmetal.com.tr\/?page_id=27283#primaryimage\"},\"image\":{\"@id\":\"https:\/\/ilkmetal.com.tr\/?page_id=27283#primaryimage\"},\"thumbnailUrl\":\"https:\/\/ilkmetal.com.tr\/wp-content\/uploads\/2025\/01\/CNC-Stock.jpg\",\"datePublished\":\"2024-03-08T11:29:26+00:00\",\"dateModified\":\"2025-02-04T13:30:23+00:00\",\"breadcrumb\":{\"@id\":\"https:\/\/ilkmetal.com.tr\/?page_id=27283#breadcrumb\"},\"inLanguage\":\"tr\",\"potentialAction\":[{\"@type\":\"ReadAction\",\"target\":[\"https:\/\/ilkmetal.com.tr\/?page_id=27283\"]}]},{\"@type\":\"ImageObject\",\"inLanguage\":\"tr\",\"@id\":\"https:\/\/ilkmetal.com.tr\/?page_id=27283#primaryimage\",\"url\":\"https:\/\/ilkmetal.com.tr\/wp-content\/uploads\/2025\/01\/CNC-Stock.jpg\",\"contentUrl\":\"https:\/\/ilkmetal.com.tr\/wp-content\/uploads\/2025\/01\/CNC-Stock.jpg\",\"width\":1000,\"height\":667},{\"@type\":\"BreadcrumbList\",\"@id\":\"https:\/\/ilkmetal.com.tr\/?page_id=27283#breadcrumb\",\"itemListElement\":[{\"@type\":\"ListItem\",\"position\":1,\"name\":\"Anasayfa\",\"item\":\"https:\/\/ilkmetal.com.tr\/\"},{\"@type\":\"ListItem\",\"position\":2,\"name\":\"Teklif Al\u0131n\"}]},{\"@type\":\"WebSite\",\"@id\":\"https:\/\/ilkmetal.com.tr\/#website\",\"url\":\"https:\/\/ilkmetal.com.tr\/\",\"name\":\"\u0130lk Metal\",\"description\":\"K\u00f6rfezden Do\u011fan G\u00fc\u00e7\",\"publisher\":{\"@id\":\"https:\/\/ilkmetal.com.tr\/#organization\"},\"potentialAction\":[{\"@type\":\"SearchAction\",\"target\":{\"@type\":\"EntryPoint\",\"urlTemplate\":\"https:\/\/ilkmetal.com.tr\/?s={search_term_string}\"},\"query-input\":{\"@type\":\"PropertyValueSpecification\",\"valueRequired\":true,\"valueName\":\"search_term_string\"}}],\"inLanguage\":\"tr\"},{\"@type\":\"Organization\",\"@id\":\"https:\/\/ilkmetal.com.tr\/#organization\",\"name\":\"\u0130lk Metal\",\"url\":\"https:\/\/ilkmetal.com.tr\/\",\"logo\":{\"@type\":\"ImageObject\",\"inLanguage\":\"tr\",\"@id\":\"https:\/\/ilkmetal.com.tr\/#\/schema\/logo\/image\/\",\"url\":\"https:\/\/ilkmetal.com.tr\/wp-content\/uploads\/2025\/02\/Ilk-Metal-Icon-Photoroom.png\",\"contentUrl\":\"https:\/\/ilkmetal.com.tr\/wp-content\/uploads\/2025\/02\/Ilk-Metal-Icon-Photoroom.png\",\"width\":162,\"height\":132,\"caption\":\"\u0130lk Metal\"},\"image\":{\"@id\":\"https:\/\/ilkmetal.com.tr\/#\/schema\/logo\/image\/\"},\"sameAs\":[\"https:\/\/www.facebook.com\/profile.php?id=61571779290109\",\"https:\/\/www.youtube.com\/@lkMetal\",\"https:\/\/www.instagram.com\/ilk.metal\/\"]}]}<\/script>\n<!-- \/ Yoast SEO plugin. -->","yoast_head_json":{"title":"Teklif Al\u0131n - \u0130lk Metal","robots":{"index":"index","follow":"follow","max-snippet":"max-snippet:-1","max-image-preview":"max-image-preview:large","max-video-preview":"max-video-preview:-1"},"canonical":"https:\/\/ilkmetal.com.tr\/?page_id=27283","og_locale":"tr_TR","og_type":"article","og_title":"Teklif Al\u0131n - \u0130lk Metal","og_description":"Teklif \u0130steyin Bizimle Hemen \u0130leti\u015fime Ge\u00e7ebilir ve Projleriniz \u0130\u00e7in Teklif Alabilirsiniz.\u00a0 \u0130sim E-Posta Ba\u015fl\u0131k Mesaj\u0131n\u0131z","og_url":"https:\/\/ilkmetal.com.tr\/?page_id=27283","og_site_name":"\u0130lk Metal","article_publisher":"https:\/\/www.facebook.com\/profile.php?id=61571779290109","article_modified_time":"2025-02-04T13:30:23+00:00","og_image":[{"width":1000,"height":667,"url":"https:\/\/ilkmetal.com.tr\/wp-content\/uploads\/2025\/01\/CNC-Stock.jpg","type":"image\/jpeg"}],"twitter_card":"summary_large_image","schema":{"@context":"https:\/\/schema.org","@graph":[{"@type":"WebPage","@id":"https:\/\/ilkmetal.com.tr\/?page_id=27283","url":"https:\/\/ilkmetal.com.tr\/?page_id=27283","name":"Teklif Al\u0131n - \u0130lk Metal","isPartOf":{"@id":"https:\/\/ilkmetal.com.tr\/#website"},"primaryImageOfPage":{"@id":"https:\/\/ilkmetal.com.tr\/?page_id=27283#primaryimage"},"image":{"@id":"https:\/\/ilkmetal.com.tr\/?page_id=27283#primaryimage"},"thumbnailUrl":"https:\/\/ilkmetal.com.tr\/wp-content\/uploads\/2025\/01\/CNC-Stock.jpg","datePublished":"2024-03-08T11:29:26+00:00","dateModified":"2025-02-04T13:30:23+00:00","breadcrumb":{"@id":"https:\/\/ilkmetal.com.tr\/?page_id=27283#breadcrumb"},"inLanguage":"tr","potentialAction":[{"@type":"ReadAction","target":["https:\/\/ilkmetal.com.tr\/?page_id=27283"]}]},{"@type":"ImageObject","inLanguage":"tr","@id":"https:\/\/ilkmetal.com.tr\/?page_id=27283#primaryimage","url":"https:\/\/ilkmetal.com.tr\/wp-content\/uploads\/2025\/01\/CNC-Stock.jpg","contentUrl":"https:\/\/ilkmetal.com.tr\/wp-content\/uploads\/2025\/01\/CNC-Stock.jpg","width":1000,"height":667},{"@type":"BreadcrumbList","@id":"https:\/\/ilkmetal.com.tr\/?page_id=27283#breadcrumb","itemListElement":[{"@type":"ListItem","position":1,"name":"Anasayfa","item":"https:\/\/ilkmetal.com.tr\/"},{"@type":"ListItem","position":2,"name":"Teklif Al\u0131n"}]},{"@type":"WebSite","@id":"https:\/\/ilkmetal.com.tr\/#website","url":"https:\/\/ilkmetal.com.tr\/","name":"\u0130lk Metal","description":"K\u00f6rfezden Do\u011fan G\u00fc\u00e7","publisher":{"@id":"https:\/\/ilkmetal.com.tr\/#organization"},"potentialAction":[{"@type":"SearchAction","target":{"@type":"EntryPoint","urlTemplate":"https:\/\/ilkmetal.com.tr\/?s={search_term_string}"},"query-input":{"@type":"PropertyValueSpecification","valueRequired":true,"valueName":"search_term_string"}}],"inLanguage":"tr"},{"@type":"Organization","@id":"https:\/\/ilkmetal.com.tr\/#organization","name":"\u0130lk Metal","url":"https:\/\/ilkmetal.com.tr\/","logo":{"@type":"ImageObject","inLanguage":"tr","@id":"https:\/\/ilkmetal.com.tr\/#\/schema\/logo\/image\/","url":"https:\/\/ilkmetal.com.tr\/wp-content\/uploads\/2025\/02\/Ilk-Metal-Icon-Photoroom.png","contentUrl":"https:\/\/ilkmetal.com.tr\/wp-content\/uploads\/2025\/02\/Ilk-Metal-Icon-Photoroom.png","width":162,"height":132,"caption":"\u0130lk Metal"},"image":{"@id":"https:\/\/ilkmetal.com.tr\/#\/schema\/logo\/image\/"},"sameAs":["https:\/\/www.facebook.com\/profile.php?id=61571779290109","https:\/\/www.youtube.com\/@lkMetal","https:\/\/www.instagram.com\/ilk.metal\/"]}]}},"_links":{"self":[{"href":"https:\/\/ilkmetal.com.tr\/index.php?rest_route=\/wp\/v2\/pages\/27283","targetHints":{"allow":["GET"]}}],"collection":[{"href":"https:\/\/ilkmetal.com.tr\/index.php?rest_route=\/wp\/v2\/pages"}],"about":[{"href":"https:\/\/ilkmetal.com.tr\/index.php?rest_route=\/wp\/v2\/types\/page"}],"author":[{"embeddable":true,"href":"https:\/\/ilkmetal.com.tr\/index.php?rest_route=\/wp\/v2\/users\/1"}],"replies":[{"embeddable":true,"href":"https:\/\/ilkmetal.com.tr\/index.php?rest_route=%2Fwp%2Fv2%2Fcomments&post=27283"}],"version-history":[{"count":7,"href":"https:\/\/ilkmetal.com.tr\/index.php?rest_route=\/wp\/v2\/pages\/27283\/revisions"}],"predecessor-version":[{"id":29404,"href":"https:\/\/ilkmetal.com.tr\/index.php?rest_route=\/wp\/v2\/pages\/27283\/revisions\/29404"}],"wp:attachment":[{"href":"https:\/\/ilkmetal.com.tr\/index.php?rest_route=%2Fwp%2Fv2%2Fmedia&parent=27283"}],"curies":[{"name":"wp","href":"https:\/\/api.w.org\/{rel}","templated":true}]}}